{"id":34,"date":"2026-03-30T10:45:36","date_gmt":"2026-03-30T08:45:36","guid":{"rendered":"http:\/\/portfolionew.houleye.sy.mmi-velizy.fr\/client\/?page_id=34"},"modified":"2026-03-30T11:29:15","modified_gmt":"2026-03-30T09:29:15","slug":"34-2","status":"publish","type":"page","link":"https:\/\/portfolionew.houleye.sy.mmi-velizy.fr\/client\/34-2\/","title":{"rendered":"Pr\u00e9sentation"},"content":{"rendered":"\n<div class=\"wp-block-group alignfull is-style-section-2 has-global-padding is-layout-constrained wp-block-group-is-layout-constrained is-style-section-2--1\" style=\"margin-top:0;margin-bottom:0;padding-top:var(--wp--preset--spacing--60);padding-bottom:var(--wp--preset--spacing--60)\">\n<div class=\"wp-block-columns alignwide has-accent-5-background-color has-background is-layout-flex wp-container-core-columns-is-layout-643ced6b wp-block-columns-is-layout-flex\">\n<div class=\"wp-block-column is-layout-flow wp-block-column-is-layout-flow\" style=\"flex-basis:40%\">\n<figure class=\"wp-block-gallery has-nested-images columns-default is-cropped wp-block-gallery-2 is-layout-flex wp-block-gallery-is-layout-flex\">\n<figure class=\"wp-block-image size-large\"><img fetchpriority=\"high\" decoding=\"async\" width=\"576\" height=\"1024\" data-id=\"37\" src=\"http:\/\/portfolionew.houleye.sy.mmi-velizy.fr\/client\/wp-content\/uploads\/2026\/03\/IMG_6227-576x1024.jpg\" alt=\"\" class=\"wp-image-37\" srcset=\"https:\/\/portfolionew.houleye.sy.mmi-velizy.fr\/client\/wp-content\/uploads\/2026\/03\/IMG_6227-576x1024.jpg 576w, https:\/\/portfolionew.houleye.sy.mmi-velizy.fr\/client\/wp-content\/uploads\/2026\/03\/IMG_6227-169x300.jpg 169w, https:\/\/portfolionew.houleye.sy.mmi-velizy.fr\/client\/wp-content\/uploads\/2026\/03\/IMG_6227-768x1365.jpg 768w, https:\/\/portfolionew.houleye.sy.mmi-velizy.fr\/client\/wp-content\/uploads\/2026\/03\/IMG_6227-864x1536.jpg 864w, https:\/\/portfolionew.houleye.sy.mmi-velizy.fr\/client\/wp-content\/uploads\/2026\/03\/IMG_6227-1152x2048.jpg 1152w, https:\/\/portfolionew.houleye.sy.mmi-velizy.fr\/client\/wp-content\/uploads\/2026\/03\/IMG_6227.jpg 1242w\" sizes=\"(max-width: 576px) 100vw, 576px\" \/><\/figure>\n<\/figure>\n<\/div>\n\n\n\n<div class=\"wp-block-column is-vertically-aligned-center is-layout-flow wp-container-core-column-is-layout-119bc444 wp-block-column-is-layout-flow\" style=\"flex-basis:60%\">\n<h2 class=\"wp-block-heading has-xx-large-font-size\">Qui je suis ? <\/h2>\n\n\n\n<p>Je m&rsquo;appelle Houleye SY, je suis \u00e9tudiante en BUT MMI \u00e0 V\u00e9lizy. J&rsquo;ai 20ans bient\u00f4t 21 ans&#8230; Et je vais vous amener dans mon univers ! Rejoins moi sur mes r\u00e9seaux sociaux juste en dessous pour en savoir + <\/p>\n\n\n\n<div class=\"wp-block-group is-vertical is-layout-flex wp-container-core-group-is-layout-41e20069 wp-block-group-is-layout-flex\">\n<div class=\"wp-block-group is-layout-flex wp-block-group-is-layout-flex\">\n<p class=\"is-style-text-annotation is-style-text-annotation--3\"><a href=\"#\">INSTAGRAM<\/a><\/p>\n\n\n\n<p class=\"is-style-text-annotation is-style-text-annotation--4\"><a href=\"#\">LINKEDIN<\/a><\/p>\n<\/div>\n<\/div>\n<\/div>\n<\/div>\n<\/div>\n\n\n\n<div class=\"wp-block-group alignfull is-style-section-5 has-global-padding is-layout-constrained wp-block-group-is-layout-constrained is-style-section-5--5\" style=\"margin-top:0;margin-bottom:0;padding-top:var(--wp--preset--spacing--50);padding-bottom:var(--wp--preset--spacing--50)\">\n<div class=\"wp-block-columns alignwide is-layout-flex wp-container-core-columns-is-layout-7ee84d44 wp-block-columns-is-layout-flex\">\n<div class=\"wp-block-column is-vertically-aligned-center is-layout-flow wp-block-column-is-layout-flow\" style=\"flex-basis:50%\">\n<h2 class=\"wp-block-heading\">A propos de moi <\/h2>\n\n\n\n<p class=\"has-medium-font-size\">J&rsquo;habitais \u00e0 Limay chez mes parents (pr\u00e8s de Mantes-La-Jolie) mais apr\u00e8s avoir experiment\u00e9 Limay \/ V\u00e9lizy tout les matins pendant 3 mois j&rsquo;ai d\u00e9cid\u00e9 de prendre un appart \u00e0 V\u00e9lizy. La meilleure d\u00e9cision, je suis a 5 min de l&rsquo;iut et je suis totalement ind\u00e9pendante ! Je suis d&rsquo;origine Mauritanienne de mon papa S\u00e9n\u00e9galaise de ma maman. ET DONC CHAMPIONNE D&rsquo;AFRIQUE POUR LA 2\u00e8 FOIS !!!! (les jaloux diront que non) <\/p>\n\n\n\n<p><\/p>\n<\/div>\n\n\n\n<div class=\"wp-block-column is-vertically-aligned-center is-layout-flow wp-block-column-is-layout-flow\" style=\"flex-basis:50%\">\n<figure class=\"wp-block-image size-large\"><img decoding=\"async\" width=\"1024\" height=\"683\" src=\"http:\/\/portfolionew.houleye.sy.mmi-velizy.fr\/client\/wp-content\/uploads\/2026\/03\/can-1-1024x683.jpeg\" alt=\"\" class=\"wp-image-41\" srcset=\"https:\/\/portfolionew.houleye.sy.mmi-velizy.fr\/client\/wp-content\/uploads\/2026\/03\/can-1-1024x683.jpeg 1024w, https:\/\/portfolionew.houleye.sy.mmi-velizy.fr\/client\/wp-content\/uploads\/2026\/03\/can-1-300x200.jpeg 300w, https:\/\/portfolionew.houleye.sy.mmi-velizy.fr\/client\/wp-content\/uploads\/2026\/03\/can-1-768x512.jpeg 768w, https:\/\/portfolionew.houleye.sy.mmi-velizy.fr\/client\/wp-content\/uploads\/2026\/03\/can-1.jpeg 1200w\" sizes=\"(max-width: 1024px) 100vw, 1024px\" \/><\/figure>\n<\/div>\n<\/div>\n<\/div>\n\n\n\n<div class=\"wp-block-group alignfull has-global-padding is-layout-constrained wp-container-core-group-is-layout-ebee8dc1 wp-block-group-is-layout-constrained\" style=\"margin-top:0;margin-bottom:0;padding-top:var(--wp--preset--spacing--50);padding-bottom:var(--wp--preset--spacing--50)\">\n<div class=\"wp-block-group alignwide is-content-justification-space-between is-layout-flex wp-container-core-group-is-layout-9366075c wp-block-group-is-layout-flex\">\n<h2 class=\"wp-block-heading alignwide has-text-align-left is-style-text-subtitle has-x-large-font-size is-style-text-subtitle--6\">Explorez les \u00e9pisodes<\/h2>\n\n\n\n<p class=\"is-style-text-annotation is-style-text-annotation--7\">Podcast<\/p>\n<\/div>\n\n\n\n<div class=\"wp-block-group alignwide is-layout-grid wp-container-core-group-is-layout-1ce758a5 wp-block-group-is-layout-grid\">\n<figure class=\"wp-block-video\"><\/figure>\n\n\n\n<figure class=\"wp-block-video\"><\/figure>\n\n\n\n<figure class=\"wp-block-video\"><\/figure>\n\n\n\n<figure class=\"wp-block-video\"><\/figure>\n\n\n\n<figure class=\"wp-block-video\"><\/figure>\n\n\n\n<figure class=\"wp-block-video\"><\/figure>\n<\/div>\n<\/div>\n\n\n\n<aside class=\"wp-block-group alignfull is-style-section-3 has-global-padding is-layout-constrained wp-container-core-group-is-layout-f0f2a97b wp-block-group-is-layout-constrained is-style-section-3--8\" style=\"margin-top:0;margin-bottom:0;padding-top:var(--wp--preset--spacing--50);padding-right:var(--wp--preset--spacing--50);padding-bottom:var(--wp--preset--spacing--50);padding-left:var(--wp--preset--spacing--50)\">\n<div class=\"wp-block-group is-vertical is-content-justification-center is-layout-flex wp-container-core-group-is-layout-8778ca4a wp-block-group-is-layout-flex\" style=\"min-height:360px;margin-top:0;margin-bottom:0\">\n<h2 class=\"wp-block-heading has-text-align-center has-xx-large-font-size\">Inscrivez-vous pour recevoir des histoires quotidiennes<\/h2>\n\n\n\n<p class=\"has-text-align-center is-style-text-subtitle is-style-text-subtitle--9\">Acc\u00e9dez \u00e0 une collection soigneusement s\u00e9lectionn\u00e9e de moments dans le temps, avec des photographies d\u2019int\u00e9ret historique.<\/p>\n\n\n\n<div style=\"height:0px\" aria-hidden=\"true\" class=\"wp-block-spacer wp-container-content-62aae154\"><\/div>\n\n\n\n<div class=\"wp-block-buttons is-content-justification-center is-layout-flex wp-container-core-buttons-is-layout-a89b3969 wp-block-buttons-is-layout-flex\">\n<div class=\"wp-block-button\"><a class=\"wp-block-button__link has-text-align-center wp-element-button\">S\u2019abonner<\/a><\/div>\n<\/div>\n<\/div>\n<\/aside>\n","protected":false},"excerpt":{"rendered":"<p>Qui je suis ? Je m&rsquo;appelle Houleye SY, je suis \u00e9tudiante en BUT MMI \u00e0 V\u00e9lizy. J&rsquo;ai 20ans bient\u00f4t 21 ans&#8230; Et je vais vous amener dans mon univers ! Rejoins moi sur mes r\u00e9seaux sociaux juste en dessous pour en savoir + INSTAGRAM LINKEDIN A propos de moi J&rsquo;habitais \u00e0 Limay chez mes parents [&hellip;]<\/p>\n","protected":false},"author":1,"featured_media":0,"parent":0,"menu_order":0,"comment_status":"closed","ping_status":"closed","template":"","meta":{"footnotes":""},"class_list":["post-34","page","type-page","status-publish","hentry"],"_links":{"self":[{"href":"https:\/\/portfolionew.houleye.sy.mmi-velizy.fr\/client\/wp-json\/wp\/v2\/pages\/34","targetHints":{"allow":["GET"]}}],"collection":[{"href":"https:\/\/portfolionew.houleye.sy.mmi-velizy.fr\/client\/wp-json\/wp\/v2\/pages"}],"about":[{"href":"https:\/\/portfolionew.houleye.sy.mmi-velizy.fr\/client\/wp-json\/wp\/v2\/types\/page"}],"author":[{"embeddable":true,"href":"https:\/\/portfolionew.houleye.sy.mmi-velizy.fr\/client\/wp-json\/wp\/v2\/users\/1"}],"replies":[{"embeddable":true,"href":"https:\/\/portfolionew.houleye.sy.mmi-velizy.fr\/client\/wp-json\/wp\/v2\/comments?post=34"}],"version-history":[{"count":6,"href":"https:\/\/portfolionew.houleye.sy.mmi-velizy.fr\/client\/wp-json\/wp\/v2\/pages\/34\/revisions"}],"predecessor-version":[{"id":43,"href":"https:\/\/portfolionew.houleye.sy.mmi-velizy.fr\/client\/wp-json\/wp\/v2\/pages\/34\/revisions\/43"}],"wp:attachment":[{"href":"https:\/\/portfolionew.houleye.sy.mmi-velizy.fr\/client\/wp-json\/wp\/v2\/media?parent=34"}],"curies":[{"name":"wp","href":"https:\/\/api.w.org\/{rel}","templated":true}]}}